{"id":16,"date":"2025-05-06T17:20:18","date_gmt":"2025-05-06T15:20:18","guid":{"rendered":"https:\/\/digitalnifabrikace.cz\/?page_id=16"},"modified":"2025-05-06T20:14:31","modified_gmt":"2025-05-06T18:14:31","slug":"konference-digitalni-fabrikace-a-inovaci","status":"publish","type":"page","link":"https:\/\/digitalnifabrikace.cz\/","title":{"rendered":"Konference digit\u00e1ln\u00ed fabrikace a inovac\u00ed"},"content":{"rendered":"<section class=\"bde-section-16-100 bde-section\">\n  \n  \n\t\n\n\n\n<div class=\"section-container\"><h1 class=\"bde-heading-16-102 bde-heading\">\nKultura, kreativita a otev\u0159en\u00e9 d\u00edlny jako motor inovac\u00ed<br>\n<\/h1><div class=\"bde-columns-16-103 bde-columns\"><div class=\"bde-column-16-104 bde-column\">\n  \n  \n\t\n\n\n\n<div id=\"konference\" class=\"bde-rich-text-16-106 bde-rich-text breakdance-rich-text-styles\">\n<p><span style=\"font-weight: 400;\">Konference digit\u00e1ln\u00ed fabrikace a inovac\u00ed je jednodenn\u00ed konference, kter\u00e1 p\u0159edstav\u00ed kulturn\u00ed a kreativn\u00ed odv\u011btv\u00ed spolu s otev\u0159en\u00fdmi d\u00edlnami\u00a0 a digit\u00e1ln\u00ed fabrikac\u00ed jako kl\u00ed\u010dovou sou\u010d\u00e1st inova\u010dn\u00edho ekosyst\u00e9mu. Zam\u011b\u0159\u00ed se na to, jak tyto oblasti podporuj\u00ed podnik\u00e1n\u00ed, spole\u010densk\u00fd rozvoj a cirkul\u00e1rn\u00ed ekonomiku \u2013 od men\u0161\u00edch samospr\u00e1vn\u00edch celk\u016f a\u017e po velk\u00e1 m\u011bsta a regiony.<\/span><\/p>\n<\/div><div class=\"bde-rich-text-16-110 bde-rich-text breakdance-rich-text-styles\">\n<p><span style=\"font-weight: 400;\">Nahl\u00e9dn\u011bte do sv\u011bta otev\u0159en\u00fdch d\u00edlen jako center spolupr\u00e1ce, kde se posouvaj\u00ed hranice tvo\u0159ivosti a inovac\u00ed. Setk\u00e1te se s odborn\u00edky z ve\u0159ejn\u00e9 spr\u00e1vy, inova\u010dn\u00edch center, kreativn\u00edho sektoru i podnikatelsk\u00e9ho prost\u0159ed\u00ed. Konference nab\u00eddne inspirativn\u00ed p\u0159\u00edklady z \u010ceska i zahrani\u010d\u00ed, odborn\u00e9 diskuse, praktick\u00e9 workshopy a prezentace konkr\u00e9tn\u00edch projekt\u016f.<\/span><\/p>\n<\/div>\n<\/div><div class=\"bde-column-16-105 bde-column\">\n  \n  \n\t\n\n\n\n<div class=\"bde-rich-text-16-107 bde-rich-text breakdance-rich-text-styles\">\n<p><span style=\"font-weight: 400;\">Konference v leto\u0161n\u00edm roce vznik\u00e1 spojen\u00edm Konference digit\u00e1ln\u00ed fabrikace a inovac\u00ed organizovan\u00e9 Make More a Innovation Lab a Investment Forum organizovan\u00e9 Kreativn\u00ed Prahou jakou sou\u010d\u00e1st mezin\u00e1rodn\u00edho projektu Label4Future. Akce d\u00e1le prob\u00edh\u00e1 ve spolupr\u00e1ci s Asociac\u00ed otev\u0159en\u00fdch d\u00edlen, Pra\u017esk\u00e9ho inova\u010dn\u00edho institutu, CzechInvest, mezin\u00e1rodn\u00edho projektu FAB25 Czechia a Ministerstva kultury. Konference je realizova\u0301na s financ\u030cni\u0301 podporou hl. m. Prahy.<\/span><\/p>\n<\/div><div class=\"bde-columns-16-125 bde-columns\"><div class=\"bde-column-16-126 bde-column\">\n  \n  \n\t\n\n\n\n<a class=\"bde-container-link-16-238 bde-container-link breakdance-link\" href=\"https:\/\/makemore.cz\/\" target=\"_self\" data-type=\"url\">\n  \n  \n\t\n\n\n\n<img decoding=\"async\" class=\"bde-image2-16-121 bde-image2\" src=\"https:\/\/digitalnifabrikace.cz\/wp-content\/uploads\/2025\/05\/mm-300.png\" loading=\"lazy\" srcset=\"https:\/\/digitalnifabrikace.cz\/wp-content\/uploads\/2025\/05\/mm-300.png 300w, https:\/\/digitalnifabrikace.cz\/wp-content\/uploads\/2025\/05\/mm-300-150x150.png 150w\" sizes=\"(max-width: 300px) 100vw, 300px\">\n\n<\/a>\n<\/div><div class=\"bde-column-16-127 bde-column\">\n  \n  \n\t\n\n\n\n<a class=\"bde-container-link-16-239 bde-container-link breakdance-link\" href=\"https:\/\/www.kreativnipraha.eu\/cs\" target=\"_self\" data-type=\"url\">\n  \n  \n\t\n\n\n\n<img decoding=\"async\" class=\"bde-image2-16-123 bde-image2\" src=\"https:\/\/digitalnifabrikace.cz\/wp-content\/uploads\/2025\/05\/kp-300.png\" loading=\"lazy\" srcset=\"https:\/\/digitalnifabrikace.cz\/wp-content\/uploads\/2025\/05\/kp-300.png 300w, https:\/\/digitalnifabrikace.cz\/wp-content\/uploads\/2025\/05\/kp-300-150x150.png 150w\" sizes=\"(max-width: 300px) 100vw, 300px\">\n\n<\/a>\n<\/div><\/div>\n<\/div><\/div><div class=\"bde-code-block-16-101 bde-code-block\">\n\n  <div class=\"animated-rects\">\n  <div class=\"rect rect--one\"><\/div>\n  <div class=\"rect rect--two\"><\/div>\n  <div class=\"rect rect--three\"><\/div>\n<\/div>\n\n\n<\/div><\/div>\n<\/section><section class=\"bde-section-16-112 bde-section\">\n  \n  \n\t\n\n\n\n<div class=\"section-container\"><div class=\"bde-columns-16-114 bde-columns\"><div class=\"bde-column-16-115 bde-column\">\n  \n  \n\t\n\n\n\n<h3 class=\"bde-heading-16-124 bde-heading\">\nMake More\n<\/h3><div class=\"bde-rich-text-16-116 bde-rich-text breakdance-rich-text-styles\">\n<p><span style=\"font-weight: 400;\">Make more se zam\u011b\u0159uje na rozvoj otev\u0159en\u00fdch d\u00edlen, FabLab\u016f a kreativn\u00edch komunit. Podporujeme inovace, digit\u00e1ln\u00ed fabrikaci a propojen\u00ed technologi\u00ed s \u0159emeslem. Na\u0161e aktivity zahrnuj\u00ed vzd\u011bl\u00e1v\u00e1n\u00ed, networking a tvorbu strategi\u00ed pro udr\u017eiteln\u00fd rozvoj kreativn\u00edho ekosyst\u00e9mu.<\/span><\/p>\n<\/div><div class=\"bde-rich-text-16-122 bde-rich-text breakdance-rich-text-styles\">\n<p><span style=\"font-weight: 400;\">V\u011b\u0159\u00edme, \u017ee otev\u0159en\u00e9 d\u00edlny a sd\u00edlen\u00e9 technologie hraj\u00ed kl\u00ed\u010dovou roli v inovac\u00edch a rozvoji spole\u010dnosti. V r\u00e1mci Konference p\u0159isp\u00edv\u00e1me k diskusi o budoucnosti digit\u00e1ln\u00ed v\u00fdroby, zapojen\u00ed komunit a propojen\u00ed kreativn\u00edho pr\u016fmyslu s dal\u0161\u00edmi sektory.<\/span><\/p>\n<\/div>\n<\/div><div class=\"bde-column-16-118 bde-column\">\n  \n  \n\t\n\n\n\n<h3 class=\"bde-heading-16-128 bde-heading\">\nKreativn\u00ed Praha\n<\/h3><div class=\"bde-rich-text-16-119 bde-rich-text breakdance-rich-text-styles\">\n<p><span style=\"font-weight: 400;\">Kreativn\u00ed Praha se v\u011bnuje rozvoji kulturn\u00edch a kreativn\u00edch odv\u011btv\u00ed, tvorb\u011b a napl\u0148ov\u00e1n\u00ed kulturn\u00ed politiky m\u011bsta, analytick\u00e9 \u010dinnosti i realizaci komunitn\u00edch a mezin\u00e1rodn\u00edch projekt\u016f.\u00a0 Kreativn\u00ed Praha organizuje Innovation Lab a Investment Forum financovan\u00e9 skrze projekt Label4Future.<\/span><\/p>\n<\/div><div class=\"bde-rich-text-16-129 bde-rich-text breakdance-rich-text-styles\">\n<p><span style=\"font-weight: 400;\">V\u011b\u0159\u00edme, \u017ee kreativita je kl\u00ed\u010dov\u00e1 pro rozvoj m\u011bsta. Kulturn\u00ed a kreativn\u00ed odv\u011btv\u00ed nep\u0159in\u00e1\u0161ej\u00ed jen ekonomick\u00fd u\u017eitek, ale tak\u00e9 zvy\u0161uj\u00ed kvalitu \u017eivota, posiluj\u00ed komunity a pom\u00e1haj\u00ed nach\u00e1zet \u0159e\u0161en\u00ed pro v\u00fdzvy, kter\u00fdm m\u011bsta \u010del\u00ed.<\/span><\/p>\n<\/div>\n<\/div><\/div><\/div>\n<\/section><section id=\"program\" class=\"bde-section-16-131 bde-section\">\n  \n  \n\t\n\n\n\n<div class=\"section-container\"><div class=\"bde-div-16-141 bde-div\">\n  \n  \n\t\n\n\n\n<h2 class=\"bde-heading-16-142 bde-heading\">\nProgram\n<\/h2>\n<\/div><div class=\"bde-columns-16-143 bde-columns\"><div class=\"bde-column-16-144 bde-column\">\n  \n  \n\t\n\n\n\n<div class=\"bde-text-16-147 bde-text\">\n9:00 - 9:30\n<\/div>\n<\/div><div class=\"bde-column-16-145 bde-column\">\n  \n  \n\t\n\n\n\n<div class=\"bde-text-16-148 bde-text\">\nRegistrace\n<\/div>\n<\/div><div class=\"bde-column-16-146 bde-column\">\n  \n  \n\t\n\n\n\n\n<\/div><\/div><div class=\"bde-columns-16-150 bde-columns\"><div class=\"bde-column-16-151 bde-column\">\n  \n  \n\t\n\n\n\n<div class=\"bde-text-16-152 bde-text\">\n9:30 - 9:45\n<\/div>\n<\/div><div class=\"bde-column-16-153 bde-column\">\n  \n  \n\t\n\n\n\n<div class=\"bde-text-16-154 bde-text\">\nOfici\u00e1ln\u00ed zah\u00e1jen\u00ed\n<\/div>\n<\/div><div class=\"bde-column-16-155 bde-column\">\n  \n  \n\t\n\n\n\n\n<\/div><\/div><div class=\"bde-columns-16-157 bde-columns\"><div class=\"bde-column-16-158 bde-column\">\n  \n  \n\t\n\n\n\n<div class=\"bde-text-16-159 bde-text\">\n9:45 - 10:15\n<\/div>\n<\/div><div class=\"bde-column-16-160 bde-column\">\n  \n  \n\t\n\n\n\n<div class=\"bde-text-16-161 bde-text\">\nKeynote: Kulturn\u00ed a kreativn\u00ed odv\u011btv\u00ed jako n\u00e1stroj obnovy\n<\/div>\n<\/div><div class=\"bde-column-16-162 bde-column\">\n  \n  \n\t\n\n\n\n<div class=\"bde-text-16-163 bde-text\">\nPodpora a spolupr\u00e1ce v kulturn\u011b-kreativn\u00edm sektoru p\u0159isp\u00edvaj\u00ed k o\u017eiven\u00ed regionu, zvy\u0161uj\u00ed z\u00e1jem ve\u0159ejnosti, generuj\u00ed ekonomick\u00fd p\u0159\u00ednos a napom\u00e1haj\u00ed obnov\u011b m\u00edst i utv\u00e1\u0159en\u00ed jejich identity. D\u016fkladn\u00e9 pozn\u00e1n\u00ed kulturn\u011b-kreativn\u00ed komunity a strategick\u00e1 partnersk\u00e1 spolupr\u00e1ce na podpo\u0159e jej\u00edho rozvoje, inovac\u00ed a r\u016fstov\u00fdch ambic\u00ed p\u0159in\u00e1\u0161ej\u00ed u\u017eitek cel\u00e9mu sektoru, obyvatel\u016fm a regionu jako celku.\n<\/div>\n<\/div><\/div><div class=\"bde-columns-16-164 bde-columns\"><div class=\"bde-column-16-165 bde-column\">\n  \n  \n\t\n\n\n\n<div class=\"bde-text-16-166 bde-text\">\n10:15 - 10:40\n<\/div>\n<\/div><div class=\"bde-column-16-167 bde-column\">\n  \n  \n\t\n\n\n\n<div class=\"bde-text-16-168 bde-text\">\nPauza na k\u00e1vu\n<\/div>\n<\/div><div class=\"bde-column-16-169 bde-column\">\n  \n  \n\t\n\n\n\n\n<\/div><\/div><div class=\"bde-columns-16-171 bde-columns\"><div class=\"bde-column-16-172 bde-column\">\n  \n  \n\t\n\n\n\n<div class=\"bde-text-16-173 bde-text\">\n10:40 - 12:05\n<\/div>\n<\/div><div class=\"bde-column-16-174 bde-column\">\n  \n  \n\t\n\n\n\n<div class=\"bde-text-16-175 bde-text\">\nZahrani\u010dn\u00ed praxe: Jak mohou b\u00fdt otev\u0159en\u00e9 d\u00edlny a kreativn\u00ed centra motorem inovac\u00ed?\n<\/div>\n<\/div><div class=\"bde-column-16-176 bde-column\">\n  \n  \n\t\n\n\n\n<div class=\"bde-text-16-177 bde-text\">\nPanelov\u00e1 diskuse, kter\u00e1 uk\u00e1\u017ee, jak kreativn\u00ed centra a otev\u0159en\u00e9 d\u00edlny podporuj\u00ed podnikatelsk\u00e9, spole\u010densk\u00e9 i um\u011bleck\u00e9 inovace. C\u00edlem je nab\u00eddnout \u0161irokou inspiraci prost\u0159ednictv\u00edm zku\u0161enost\u00ed men\u0161\u00edch i velk\u00fdch instituc\u00ed s r\u016fzn\u00fdm zam\u011b\u0159en\u00edm.\n<\/div>\n<\/div><\/div><div class=\"bde-columns-16-178 bde-columns\"><div class=\"bde-column-16-179 bde-column\">\n  \n  \n\t\n\n\n\n<div class=\"bde-text-16-180 bde-text\">\n12:05 - 13:00\n<\/div>\n<\/div><div class=\"bde-column-16-181 bde-column\">\n  \n  \n\t\n\n\n\n<div class=\"bde-text-16-182 bde-text\">\nOb\u011bd\n<\/div>\n<\/div><div class=\"bde-column-16-183 bde-column\">\n  \n  \n\t\n\n\n\n\n<\/div><\/div><div class=\"bde-columns-16-185 bde-columns\"><div class=\"bde-column-16-186 bde-column\">\n  \n  \n\t\n\n\n\n<div class=\"bde-text-16-187 bde-text\">\n13:00 - 13:45\n<\/div>\n<\/div><div class=\"bde-column-16-188 bde-column\">\n  \n  \n\t\n\n\n\n<div class=\"bde-text-16-189 bde-text\">\nKeynote: Vize pro kulturn\u00ed a kreativn\u00ed odv\u011btv\u00ed\n<\/div>\n<\/div><div class=\"bde-column-16-190 bde-column\">\n  \n  \n\t\n\n\n\n<div class=\"bde-text-16-191 bde-text\">\nJak m\u016f\u017ee \u010cesko vyu\u017e\u00edt kreativity? Dva \u0159e\u010dn\u00edci nab\u00eddnou r\u016fzn\u00e9 pohledy na roli kreativity v \u010cesku. Probereme, jak\u00e1 je jej\u00ed budoucnost v oblasti inovac\u00ed, podnik\u00e1n\u00ed, kultury nebo spole\u010densk\u00e9 odolnosti.\n<\/div>\n<\/div><\/div><div class=\"bde-columns-16-192 bde-columns\"><div class=\"bde-column-16-193 bde-column\">\n  \n  \n\t\n\n\n\n<div class=\"bde-text-16-194 bde-text\">\n13:45 - 14:00\n<\/div>\n<\/div><div class=\"bde-column-16-195 bde-column\">\n  \n  \n\t\n\n\n\n<div class=\"bde-text-16-196 bde-text\">\nPauza\n<\/div>\n<\/div><div class=\"bde-column-16-197 bde-column\">\n  \n  \n\t\n\n\n\n\n<\/div><\/div><div class=\"bde-columns-16-199 bde-columns\"><div class=\"bde-column-16-200 bde-column\">\n  \n  \n\t\n\n\n\n<div class=\"bde-text-16-201 bde-text\">\n14:00 - 15:25\n<\/div>\n<\/div><div class=\"bde-column-16-202 bde-column\">\n  \n  \n\t\n\n\n\n<div class=\"bde-text-16-203 bde-text\">\n\u010cesk\u00e1 praxe: Jak\u00e9 jsou hlavn\u00ed v\u00fdzvy pro budov\u00e1n\u00ed a provoz otev\u0159en\u00fdch d\u00edlen a kreativn\u00edch center v \u010cR?\n<\/div>\n<\/div><div class=\"bde-column-16-204 bde-column\">\n  \n  \n\t\n\n\n\n<div class=\"bde-text-16-205 bde-text\">\nPanelov\u00e1 diskuse odborn\u00edk\u016f z r\u016fzn\u00fdch region\u016f \u010ceska, kter\u00e1 p\u0159edstav\u00ed r\u016fzn\u00e9 modely fungov\u00e1n\u00ed otev\u0159en\u00fdch d\u00edlen a kreativn\u00edch center. Probere jejich aktivity od vzd\u011bl\u00e1v\u00e1n\u00ed po podporu inovac\u00ed a kriticky zhodnot\u00ed podm\u00ednky pro jejich vznik a provoz.\n<\/div>\n<\/div><\/div><div class=\"bde-columns-16-206 bde-columns\"><div class=\"bde-column-16-207 bde-column\">\n  \n  \n\t\n\n\n\n<div class=\"bde-text-16-208 bde-text\">\n15:25 - 15:45\n<\/div>\n<\/div><div class=\"bde-column-16-209 bde-column\">\n  \n  \n\t\n\n\n\n<div class=\"bde-text-16-210 bde-text\">\nPauza na k\u00e1vu\n<\/div>\n<\/div><div class=\"bde-column-16-211 bde-column\">\n  \n  \n\t\n\n\n\n\n<\/div><\/div><div class=\"bde-columns-16-213 bde-columns\"><div class=\"bde-column-16-214 bde-column\">\n  \n  \n\t\n\n\n\n<div class=\"bde-text-16-215 bde-text\">\n15:45 - 16:45\n<\/div>\n<\/div><div class=\"bde-column-16-216 bde-column\">\n  \n  \n\t\n\n\n\n<div class=\"bde-text-16-217 bde-text\">\nShowcase kreativn\u00edch projekt\u016f: Pro\u010d firmy pot\u0159ebuj\u00ed kreativce?\n<\/div>\n<\/div><div class=\"bde-column-16-218 bde-column\">\n  \n  \n\t\n\n\n\n<div class=\"bde-text-16-219 bde-text\">\nDynamick\u00e1 prezentace inovativn\u00edch projekt\u016f z \u010ceska i zahrani\u010d\u00ed, kter\u00e9 vznikly d\u00edky spolupr\u00e1ci firem a kreativc\u016f. Na konkr\u00e9tn\u00edch p\u0159\u00edkladech uk\u00e1\u017eeme, jak kulturn\u00ed a kreativn\u00ed odv\u011btv\u00ed p\u0159isp\u00edvaj\u00ed k inovac\u00edm a rozvoji cirkul\u00e1rn\u00ed ekonomiky.\n<\/div>\n<\/div><\/div><div class=\"bde-columns-16-220 bde-columns\"><div class=\"bde-column-16-221 bde-column\">\n  \n  \n\t\n\n\n\n<div class=\"bde-text-16-222 bde-text\">\n16:45 - 18:00\n<\/div>\n<\/div><div class=\"bde-column-16-223 bde-column\">\n  \n  \n\t\n\n\n\n<div class=\"bde-text-16-224 bde-text\">\nNetworking\n<\/div>\n<\/div><div class=\"bde-column-16-225 bde-column\">\n  \n  \n\t\n\n\n\n\n<\/div><\/div><div class=\"bde-columns-16-227 bde-columns\"><div class=\"bde-column-16-228 bde-column\">\n  \n  \n\t\n\n\n\n<div class=\"bde-text-16-230 bde-text\">\n10:15; 12:30; 15:25; 17:00\n<\/div><div class=\"bde-text-16-231 bde-text\">\nWorkshop \"Vyrob si z e-cigarety powerbanku\" - Re-vape\n<\/div><div class=\"bde-rich-text-16-236 bde-rich-text breakdance-rich-text-styles\">\n<p>Re-vape je \u00fasp\u011b\u0161n\u00fd studentsk\u00fd projekt, kter\u00fd p\u0159isp\u00edv\u00e1 k ochran\u011b \u017eivotn\u00edho prost\u0159ed\u00ed prost\u0159ednictv\u00edm inovativn\u00ed recyklace elektroodpadu. Jejich workshop nab\u00edz\u00ed p\u0159\u00edle\u017eitost nau\u010dit se jak ekologicky pou\u017eit e-cigarety a vytvo\u0159it z nich funk\u010dn\u00ed powerbanku. Workshop zahrnuje praktickou pr\u00e1ci s nap\u00e1jec\u00edmi moduly a 3D ti\u0161t\u011bn\u00fdmi komponenty, co\u017e \u00fa\u010dastn\u00edk\u016fm umo\u017en\u00ed osvojit si dovednosti pot\u0159ebn\u00e9 k v\u00fdrob\u011b vlastn\u00ed powerbanky.\u00a0<\/p>\n<p><strong>Kapacita workshopu je omezen\u00e1, registrace bude mo\u017en\u00e1 p\u0159\u00edmo na m\u00edst\u011b.<\/strong><\/p>\n<\/div>\n<\/div><div class=\"bde-column-16-229 bde-column\">\n  \n  \n\t\n\n\n\n<div class=\"bde-text-16-234 bde-text\">\n10:15 - 18:00\n<\/div><div class=\"bde-text-16-235 bde-text\">\nHW Lab, Maker Institute, Make Designers - pop-up otev\u0159en\u00e9 d\u00edlny\n<\/div><div class=\"bde-rich-text-16-233 bde-rich-text breakdance-rich-text-styles\">\n<p>Make Designers je specializovan\u00e9 odd\u011blen\u00ed organizace Make more zam\u011b\u0159en\u00e9 na n\u00e1vrh a realizaci modern\u00edch d\u00edlen a tv\u016fr\u010d\u00edch prostor\u016f. Nab\u00edz\u00edme komplexn\u00ed slu\u017eby od po\u010d\u00e1te\u010dn\u00edch konzultac\u00ed a\u017e po fin\u00e1ln\u00ed implementaci, v\u0161e s d\u016frazem na udr\u017eitelnost, funk\u010dnost a inovativn\u00ed p\u0159\u00edstup.<\/p>\n<\/div>\n<\/div><\/div><div class=\"bde-code-block-16-237 bde-code-block\">\n\n  <div class=\"animated-rects\">\n  <div class=\"rect rect--one\"><\/div>\n  <div class=\"rect rect--two\"><\/div>\n  <div class=\"rect rect--three\"><\/div>\n<\/div>\n\n\n<\/div><\/div>\n<\/section>","protected":false},"excerpt":{"rendered":"<p>Kultura, kreativita a otev\u0159en\u00e9 d\u00edlny jako motor inovac\u00ed Konference digit\u00e1ln\u00ed fabrikace a inovac\u00ed je jednodenn\u00ed konference, kter\u00e1 p\u0159edstav\u00ed kulturn\u00ed a kreativn\u00ed odv\u011btv\u00ed spolu s otev\u0159en\u00fdmi d\u00edlnami\u00a0 a digit\u00e1ln\u00ed fabrikac\u00ed jako kl\u00ed\u010dovou sou\u010d\u00e1st inova\u010dn\u00edho ekosyst\u00e9mu. Zam\u011b\u0159\u00ed se na to, jak tyto oblasti podporuj\u00ed podnik\u00e1n\u00ed, spole\u010densk\u00fd rozvoj a cirkul\u00e1rn\u00ed ekonomiku \u2013 od men\u0161\u00edch samospr\u00e1vn\u00edch celk\u016f a\u017e po [&hellip;]<\/p>\n","protected":false},"author":1,"featured_media":0,"parent":0,"menu_order":0,"comment_status":"closed","ping_status":"closed","template":"","meta":{"_breakdance_hide_in_design_set":false,"_breakdance_tags":"","footnotes":""},"class_list":["post-16","page","type-page","status-publish","hentry"],"_links":{"self":[{"href":"https:\/\/digitalnifabrikace.cz\/index.php?rest_route=\/wp\/v2\/pages\/16","targetHints":{"allow":["GET"]}}],"collection":[{"href":"https:\/\/digitalnifabrikace.cz\/index.php?rest_route=\/wp\/v2\/pages"}],"about":[{"href":"https:\/\/digitalnifabrikace.cz\/index.php?rest_route=\/wp\/v2\/types\/page"}],"author":[{"embeddable":true,"href":"https:\/\/digitalnifabrikace.cz\/index.php?rest_route=\/wp\/v2\/users\/1"}],"replies":[{"embeddable":true,"href":"https:\/\/digitalnifabrikace.cz\/index.php?rest_route=%2Fwp%2Fv2%2Fcomments&post=16"}],"version-history":[{"count":30,"href":"https:\/\/digitalnifabrikace.cz\/index.php?rest_route=\/wp\/v2\/pages\/16\/revisions"}],"predecessor-version":[{"id":95,"href":"https:\/\/digitalnifabrikace.cz\/index.php?rest_route=\/wp\/v2\/pages\/16\/revisions\/95"}],"wp:attachment":[{"href":"https:\/\/digitalnifabrikace.cz\/index.php?rest_route=%2Fwp%2Fv2%2Fmedia&parent=16"}],"curies":[{"name":"wp","href":"https:\/\/api.w.org\/{rel}","templated":true}]}}